{"id":22311,"date":"2018-09-13T17:30:35","date_gmt":"2018-09-13T16:30:35","guid":{"rendered":"https:\/\/yooristart.com\/?page_id=22311"},"modified":"2026-02-02T10:52:04","modified_gmt":"2026-02-02T09:52:04","slug":"platzchen","status":"publish","type":"page","link":"https:\/\/brignole.ch\/de\/platzchen\/","title":{"rendered":"Cookies"},"content":{"rendered":"<p id=\"block-rvgXqm25gX\" class=\"wp-block-nectar-blocks-text nectar-blocks-text\"><\/p>\n\n\n\n<div class=\"wp-block-nectar-blocks-row alignfull nectar-block nectar-blocks-row nectar-blocks-row__inner nectar-blocks-row__wrapper parent-block-block-7L4Kj6oH9x\" id=\"block-7L4Kj6oH9x\">\n<div class=\"wp-block-nectar-blocks-column nectar-blocks-column nectar-block\" id=\"block-vsgwagMSjn\"><div class=\"nectar-blocks-column__inner nectar-blocks-column__content-wrap parent-block-block-vsgwagMSjn nectar-blocks-column__wrapper\">\n<p id=\"block-ILJa80BEeX\" class=\"wp-block-nectar-blocks-text nectar-blocks-text nectar-gt-ETbNY8sLRw\">Cookie-Richtlinie<\/p>\n<\/div><\/div>\n<\/div>\n\n\n\n<p id=\"block-8AtDGIeVDV\" class=\"wp-block-nectar-blocks-text nectar-blocks-text\">Cookies bestehen aus im Browser installierten Codeteilen, die den Eigent\u00fcmer bei der Bereitstellung des Dienstes gem\u00e4\u00df den beschriebenen Zwecken unterst\u00fctzen. Einige der Zwecke der Installation von Cookies k\u00f6nnen auch die Zustimmung des Benutzers erfordern.<\/p>\n\n\n\n<p id=\"block-s70vD1QeRy\" class=\"wp-block-nectar-blocks-text nectar-blocks-text\">Wenn die Installation von Cookies auf der Zustimmung basiert, kann diese Zustimmung jederzeit durch Befolgen der Anweisungen in diesem Dokument widerrufen werden.<\/p>\n\n\n\n<p id=\"block-pS5VU7u7G4\" class=\"wp-block-nectar-blocks-text nectar-blocks-text\">Technische und statistische Cookies zusammengefasst<\/p>\n\n\n\n<p id=\"block-qDrlBjDKNX\" class=\"wp-block-nectar-blocks-text nectar-blocks-text\">F\u00fcr den Betrieb unbedingt notwendige Aktivit\u00e4tenDiese Website verwendet Cookies, um die Sitzung des Benutzers zu speichern und um andere f\u00fcr den Betrieb dieser Website unbedingt notwendige Aktivit\u00e4ten durchzuf\u00fchren, z. B. in Bezug auf die Verteilung des Datenverkehrs.<\/p>\n\n\n\n<p id=\"block-SoepcOoX2x\" class=\"wp-block-nectar-blocks-text nectar-blocks-text\">Speichern von Pr\u00e4ferenzen, Optimierung und StatistikenDiese Website verwendet Cookies, um Navigationspr\u00e4ferenzen zu speichern und das Surferlebnis des Benutzers zu optimieren. Zu diesen Cookies geh\u00f6ren beispielsweise Cookies f\u00fcr die Einstellung der Sprache und der W\u00e4hrung oder f\u00fcr die Verwaltung von Statistiken durch den Eigent\u00fcmer der Website.<\/p>\n\n\n\n<p id=\"block-UQlTGQnDhm\" class=\"wp-block-nectar-blocks-text nectar-blocks-text\">Andere Arten von Cookies oder Tools von Drittanbietern, die installiert werden k\u00f6nnen<\/p>\n\n\n\n<p id=\"block-YkHt9KJ14E\" class=\"wp-block-nectar-blocks-text nectar-blocks-text\">Einige der unten aufgef\u00fchrten Dienste erheben Statistiken in zusammengefasster und anonymer Form und erfordern m\u00f6glicherweise nicht die Zustimmung des Benutzers oder k\u00f6nnten - abh\u00e4ngig von der Beschreibung - direkt vom Datenverantwortlichen ohne die Hilfe von Dritten verwaltet werden.<\/p>\n\n\n\n<p id=\"block-8LcC8UIOC9\" class=\"wp-block-nectar-blocks-text nectar-blocks-text\">Wenn es sich bei den unten angegebenen Tools um Dienste handelt, die von Dritten verwaltet werden, k\u00f6nnen diese - zus\u00e4tzlich zu den Angaben und auch ohne Wissen des Eigent\u00fcmers - Tracking-Aktivit\u00e4ten des Benutzers durchf\u00fchren. F\u00fcr detaillierte Informationen wird empfohlen, die Datenschutzbestimmungen der aufgef\u00fchrten Dienste zu lesen.<\/p>\n\n\n\n<p id=\"block-9MKpE72SZv\" class=\"wp-block-nectar-blocks-text nectar-blocks-text\">Verwaltung von Kontakten und Versand von NachrichtenDiese Art von Diensten erm\u00f6glicht die Verwaltung einer Datenbank von E-Mail-Kontakten, Telefonkontakten oder anderen Kontaktarten, die zur Kommunikation mit dem Nutzer verwendet werden. Diese Dienste k\u00f6nnen auch die Erfassung von Daten \u00fcber Datum und Uhrzeit, zu denen der Nutzer die Nachrichten ansieht, sowie \u00fcber die Interaktion des Nutzers mit den Nachrichten, wie z. B. Informationen \u00fcber Klicks auf Links in den Nachrichten, erm\u00f6glichen.<\/p>\n\n\n\n<p id=\"block-ZW9D72lk1J\" class=\"wp-block-nectar-blocks-text nectar-blocks-text\">Mailgun (Mailgun, Inc.)Mailgun ist ein Adressverwaltungs- und E-Mail-Nachrichtendienst, der von Mailgun, Inc. bereitgestellt wird.Erfasste personenbezogene Daten: Nachname, Cookie, Geburtsdatum, Nutzungsdaten, E-Mail, Adresse, Land, Vorname, Telefonnummer, Beruf, Geschlecht und verschiedene Arten von Daten.Ort der Verarbeitung: Vereinigte Staaten - Datenschutzrichtlinie.<\/p>\n\n\n\n<p id=\"block-6J9ErNv3ug\" class=\"wp-block-nectar-blocks-text nectar-blocks-text\">Tag-VerwaltungDiese Art von Diensten dient der zentralen Verwaltung der auf dieser Website verwendeten Tags oder Skripte. Die Nutzung dieser Dienste hat zur Folge, dass die Daten des Nutzers durch sie flie\u00dfen und gegebenenfalls gespeichert werden.<\/p>\n\n\n\n<p id=\"block-mBze52owAh\" class=\"wp-block-nectar-blocks-text nectar-blocks-text\">Google Tag Manager (Google LLC)Google Tag Manager ist ein Tag-Management-Dienst, der von Google LLC bereitgestellt wird.Erfasste personenbezogene Daten: Cookies und Nutzungsdaten.Ort der Verarbeitung: Vereinigte Staaten - Datenschutzrichtlinie. Dem Privacy Shield unterworfen.<\/p>\n\n\n\n<p id=\"block-r6u3pBiedV\" class=\"wp-block-nectar-blocks-text nectar-blocks-text\">Interaktion mit sozialen Netzwerken und externen PlattformenDiese Art von Dienst erm\u00f6glicht es, direkt von den Seiten dieser Website aus mit sozialen Netzwerken oder anderen externen Plattformen zu interagieren. Interaktionen und Informationen, die von dieser Website erfasst werden, unterliegen in jedem Fall den Datenschutzeinstellungen des Nutzers f\u00fcr das jeweilige soziale Netzwerk. Wenn ein Dienst f\u00fcr die Interaktion mit sozialen Netzwerken installiert ist, ist es m\u00f6glich, dass er Verkehrsdaten in Bezug auf die Seiten, auf denen er installiert ist, erfasst, auch wenn die Nutzer den Dienst nicht nutzen.<\/p>\n\n\n\n<p id=\"block-46ttw8IbMo\" class=\"wp-block-nectar-blocks-text nectar-blocks-text\">LinkedIn Social Button und Widgets (LinkedIn Corporation)Der LinkedIn Social Button und die Widgets sind Dienste f\u00fcr die Interaktion mit dem sozialen Netzwerk Linkedin, die von der LinkedIn Corporation bereitgestellt werden.Erfasste personenbezogene Daten: Cookies und Nutzungsdaten.Ort der Verarbeitung: Vereinigte Staaten - Datenschutzrichtlinie. Privacy Shield Adherent.<\/p>\n\n\n\n<p id=\"block-Grq1f1Unoh\" class=\"wp-block-nectar-blocks-text nectar-blocks-text\">Facebook Like Button und Social Widgets (Facebook, Inc.)Der Facebook \u201cLike\u201d-Button und Social Widgets sind Dienste f\u00fcr die Interaktion mit dem sozialen Netzwerk Facebook, die von Facebook, Inc. bereitgestellt werden.Erfasste personenbezogene Daten: Cookies und Nutzungsdaten.Ort der Verarbeitung: Vereinigte Staaten - Datenschutzrichtlinie. Teilnehmer am Privacy Shield.<\/p>\n\n\n\n<p id=\"block-6JMEX8tbZK\" class=\"wp-block-nectar-blocks-text nectar-blocks-text\">Tweet Button und Twitter Social Widgets (Twitter, Inc.)Der Tweet Button und die Twitter Social Widgets sind Dienste zur Interaktion mit dem sozialen Netzwerk Twitter, die von Twitter, Inc. bereitgestellt werden.Erfasste personenbezogene Daten: Cookies und Nutzungsdaten.Ort der Verarbeitung: Vereinigte Staaten - Datenschutzrichtlinie. Teilnehmer am Privacy Shield.<\/p>\n\n\n\n<p id=\"block-AJKHUxS8ku\" class=\"wp-block-nectar-blocks-text nectar-blocks-text\">SPAM-SchutzDiese Art von Dienst analysiert den Datenverkehr auf dieser Website, der m\u00f6glicherweise personenbezogene Daten der Nutzer enth\u00e4lt, um den als SPAM erkannten Datenverkehr, Nachrichten und Inhalte herauszufiltern.<\/p>\n\n\n\n<p id=\"block-sdagJHlA5J\" class=\"wp-block-nectar-blocks-text nectar-blocks-text\">Google reCAPTCHA (Google Inc.)Google reCAPTCHA ist ein Dienst zum Schutz vor SPAM, der von Google Inc. bereitgestellt wird.Die Verwendung des reCAPTCHA-Systems unterliegt den Datenschutzbestimmungen und Nutzungsbedingungen von Google.Erfasste personenbezogene Daten: Cookie- und Nutzungsdaten.Ort der Verarbeitung: Vereinigte Staaten - Datenschutzbestimmungen. Teilnehmer am Privacy Shield.<\/p>\n\n\n\n<p id=\"block-laFQRYkYoN\" class=\"wp-block-nectar-blocks-text nectar-blocks-text\">Remarketing und Behavioral TargetingDiese Website verf\u00fcgt \u00fcber kein System f\u00fcr Targeting und Remarketing.\u00a0<\/p>\n\n\n\n<p id=\"block-S1jXrpplDi\" class=\"wp-block-nectar-blocks-text nectar-blocks-text\">StatistikDie in diesem Abschnitt enthaltenen Dienste erm\u00f6glichen dem f\u00fcr die Datenverarbeitung Verantwortlichen die \u00dcberwachung und Analyse von Verkehrsdaten und dienen dazu, das Verhalten des Nutzers zu verfolgen.<\/p>\n\n\n\n<p id=\"block-VAhD1wTDhX\" class=\"wp-block-nectar-blocks-text nectar-blocks-text\">Google Analytics (Google Inc.)Google Analytics ist ein Webanalysedienst, der von Google Inc. (\u201cGoogle\u201d) bereitgestellt wird. Google verwendet die erfassten personenbezogenen Daten, um die Nutzung dieser Website zu verfolgen und zu untersuchen, Berichte zu erstellen und sie mit anderen von Google entwickelten Diensten zu teilen.Google kann die personenbezogenen Daten verwenden, um Anzeigen in seinem Werbenetzwerk zu kontextualisieren und zu personalisieren.Erfasste personenbezogene Daten: Cookies und Nutzungsdaten.Ort der Verarbeitung: Vereinigte Staaten - Datenschutzerkl\u00e4rung - Opt Out. Dem Privacy Shield unterworfen.<\/p>\n\n\n\n<p id=\"block-iETbYtjPL5\" class=\"wp-block-nectar-blocks-text nectar-blocks-text\">Google Analytics mit anonymisierter IP (Google Inc.)Google Analytics ist ein Webanalysedienst der Google Inc. (\u201cGoogle\u201d). Google verwendet die erhobenen personenbezogenen Daten, um Ihre Nutzung dieser Website auszuwerten, um Reports \u00fcber die Websiteaktivit\u00e4ten f\u00fcr die Websitebetreiber zusammenzustellen und um Reports \u00fcber die Websiteaktivit\u00e4ten mit anderen Google-Diensten auszutauschen.Google kann Ihre personenbezogenen Daten verwenden, um Anzeigen in seinem Werbenetzwerk zu kontextualisieren und zu personalisieren.Diese Google Analytics-Integration anonymisiert Ihre IP-Adresse. Die Anonymisierung erfolgt durch K\u00fcrzung der IP-Adresse der Nutzer innerhalb der Grenzen der Mitgliedsstaaten der Europ\u00e4ischen Union oder anderer Vertragsstaaten des Abkommens \u00fcber den Europ\u00e4ischen Wirtschaftsraum. Nur in Ausnahmef\u00e4llen wird die IP-Adresse an die Server von Google \u00fcbertragen und innerhalb der Vereinigten Staaten gek\u00fcrzt.Erfasste personenbezogene Daten: Cookies und Nutzungsdaten.Ort der Verarbeitung: Vereinigte Staaten - Datenschutzbestimmungen - Opt-Out. Teilnehmer am Privacy Shield.<\/p>\n\n\n\n<p id=\"block-r0A4z0X8yo\" class=\"wp-block-nectar-blocks-text nectar-blocks-text\">Leistungstests von Inhalten und Funktionen (A\/B-Tests) Die in diesem Abschnitt enthaltenen Dienste erm\u00f6glichen es dem f\u00fcr die Datenverarbeitung Verantwortlichen, die Reaktion des Nutzers auf \u00c4nderungen der Struktur, des Textes oder anderer Komponenten dieser Website in Bezug auf den Verkehr oder das Verhalten zu verfolgen und zu analysieren.<\/p>\n\n\n\n<p id=\"block-rCccBQYnKd\" class=\"wp-block-nectar-blocks-text nectar-blocks-text\">Google Website Optimizer (Google Inc.)Google Website Optimizer ist ein A\/B-Testing-Service, der von Google Inc. (\u201cGoogle\u201d) bereitgestellt wird.Google kann personenbezogene Daten verwenden, um Anzeigen in seinem Werbenetzwerk zu kontextualisieren und zu personalisieren.Erfasste personenbezogene Daten: Cookies und Nutzungsdaten.Ort der Verarbeitung: Vereinigte Staaten von Amerika - Datenschutzrichtlinie. Dem Privacy Shield unterworfen.<\/p>\n\n\n\n<p id=\"block-zAT9ru4Z6x\" class=\"wp-block-nectar-blocks-text nectar-blocks-text\">Anzeige von Inhalten von externen PlattformenDiese Art von Dienst erm\u00f6glicht es, Inhalte, die auf externen Plattformen gehostet werden, direkt von den Seiten dieser Website aus anzuzeigen und mit ihnen zu interagieren. Wenn ein Dienst dieser Art installiert ist, ist es m\u00f6glich, dass er, auch wenn die Nutzer den Dienst nicht nutzen, Verkehrsdaten in Bezug auf die Seiten, auf denen er installiert ist, sammelt.<\/p>\n\n\n\n<p id=\"block-pDLDJggXNX\" class=\"wp-block-nectar-blocks-text nectar-blocks-text\">Vimeo Video (Vimeo, LLC)Vimeo ist ein von Vimeo, LLC betriebener Dienst zur Anzeige von Videoinhalten, der es dieser Website erm\u00f6glicht, solche Inhalte in ihre Seiten einzubetten.Erfasste personenbezogene Daten: Cookies und Nutzungsdaten.Ort der Verarbeitung: Vereinigte Staaten - Datenschutzrichtlinie. Teilnehmer am Privacy Shield.<\/p>\n\n\n\n<p id=\"block-EVLRHXI5v4\" class=\"wp-block-nectar-blocks-text nectar-blocks-text\">YouTube Video Widget (Google Inc.)YouTube ist ein von Google Inc. betriebener Dienst zur Anzeige von Videoinhalten, der es dieser Website erm\u00f6glicht, solche Inhalte in ihre Seiten einzubetten.Erfasste personenbezogene Daten: Cookies und Nutzungsdaten.Ort der Verarbeitung: Vereinigte Staaten - Datenschutzrichtlinie. Teilnehmer am Privacy Shield.<\/p>\n\n\n\n<p id=\"block-twg63fPxpO\" class=\"wp-block-nectar-blocks-text nectar-blocks-text\">Wie kann ich der Installation von Cookies zustimmen?<\/p>\n\n\n\n<p id=\"block-VJ6dxTTHHj\" class=\"wp-block-nectar-blocks-text nectar-blocks-text\">Zus\u00e4tzlich zu den Angaben in diesem Dokument kann der Benutzer Pr\u00e4ferenzen in Bezug auf Cookies direkt in seinem Browser verwalten und beispielsweise die Installation durch Dritte verhindern. Durch die Einstellungen des Browsers k\u00f6nnen auch die in der Vergangenheit installierten Cookies gel\u00f6scht werden, einschlie\u00dflich des Cookies, in dem die Zustimmung zur Installation von Cookies durch diese Website gespeichert wird. Der Benutzer kann Informationen zur Verwaltung von Cookies mit einigen der beliebtesten Browser finden, z. B. die folgenden Adressen: Google Chrome, Mozilla Firefox, Apple Safari und Microsoft Internet Explorer.<\/p>\n\n\n\n<p id=\"block-NGKtkOgHKy\" class=\"wp-block-nectar-blocks-text nectar-blocks-text\">In Bezug auf von Dritten installierte Cookies kann der Benutzer auch seine eigenen Einstellungen verwalten und die Einwilligung widerrufen, indem er den relativen Abmelde-Link (falls verf\u00fcgbar) verwendet, die in der Datenschutzrichtlinie des Drittanbieters beschriebenen Tools verwendet oder ihn direkt kontaktiert.<\/p>\n\n\n\n<p id=\"block-MSNVMWokmm\" class=\"wp-block-nectar-blocks-text nectar-blocks-text\">Unbeschadet des Vorstehenden kann der Benutzer die von EDAA (EU), Network Advertising Initiative (USA) und Digital Advertising Alliance (USA), DAAC (Kanada), DDAI (Japan) oder \u00e4hnlichen Diensten bereitgestellten Informationen verwenden. Mit diesen Services k\u00f6nnen Sie die Tracking-Pr\u00e4ferenzen der meisten Werbetools verwalten. Der Eigent\u00fcmer empfiehlt den Benutzern daher, diese Ressourcen zus\u00e4tzlich zu den in diesem Dokument enthaltenen Informationen zu verwenden.<\/p>\n\n\n\n<p id=\"block-BqaobI9OvY\" class=\"wp-block-nectar-blocks-text nectar-blocks-text\">Datencontroller<\/p>\n\n\n\n<p id=\"block-Uj31bS4KVD\" class=\"wp-block-nectar-blocks-text nectar-blocks-text\">Brignole, via Monte Carmen 10, 6900 Lugano, Schweiz<\/p>\n\n\n\n<p id=\"block-L1m2fXx4ca\" class=\"wp-block-nectar-blocks-text nectar-blocks-text\">Da die Installation von Cookies und anderen Trackingsystemen, die von Dritten \u00fcber die auf dieser Website verwendeten Dienste betrieben werden, vom Eigent\u00fcmer nicht technisch kontrolliert werden kann, sind keine spezifischen Verweise auf von Dritten installierte Cookies und Trackingsysteme erforderlich es ist als hinweisend anzusehen. Um vollst\u00e4ndige Informationen zu erhalten, kann der Benutzer die Datenschutzrichtlinien aller in diesem Dokument aufgef\u00fchrten Drittanbieter-Services lesen.<\/p>\n\n\n\n<p id=\"block-v5UhI4LuEq\" class=\"wp-block-nectar-blocks-text nectar-blocks-text\">In Anbetracht der objektiven Komplexit\u00e4t der Identifizierung von Technologien, die auf Cookies basieren, wird der Benutzer aufgefordert, sich an den Datenverwalter zu wenden, wenn er weitere Informationen zur Verwendung der Cookies selbst \u00fcber diese Website erhalten m\u00f6chte.<\/p>\n\n\n\n<p id=\"block-fGUezZy8mQ\" class=\"wp-block-nectar-blocks-text nectar-blocks-text\">Rechtliche Hinweise<\/p>\n\n\n\n<p id=\"block-QsUlF2pxwY\" class=\"wp-block-nectar-blocks-text nectar-blocks-text\">Diese Datenschutzrichtlinie wurde auf der Grundlage mehrerer Rechtsverordnungen, einschlie\u00dflich der Artikel 13 und 14 der Verordnung (EU) 2016\/679, verfasst.<\/p>\n\n\n\n<p id=\"block-Xfz7euFSQ7\" class=\"wp-block-nectar-blocks-text nectar-blocks-text\">Letzte Aktualisierung: 18. November 2020<\/p>\n\n\n\n<p id=\"block-Oop9AHoS0d\" class=\"wp-block-nectar-blocks-text nectar-blocks-text\">Impressum<\/p>\n\n\n\n<p id=\"block-DqvdD2nKvl\" class=\"wp-block-nectar-blocks-text nectar-blocks-text\">BRIGNOLEvia Monte Carmen 10, 6900 Lugano - Schweiz<\/p>","protected":false},"excerpt":{"rendered":"","protected":false},"author":2,"featured_media":0,"parent":0,"menu_order":4,"comment_status":"closed","ping_status":"closed","template":"","meta":{"_nectar_blocks_hide_post_title":false,"_nectar_blocks_transparent_header_effect":false,"_nectar_blocks_transparent_header_effect_color":"light","_nectar_blocks_header_animation":false,"_nectar_blocks_header_animation_delay":0,"_nectar_blocks_header_animation_effect":"fade","_nectar_blocks_page_css":"","_nectar_blocks_page_js":"","footnotes":""},"class_list":["post-22311","page","type-page","status-publish"],"_links":{"self":[{"href":"https:\/\/brignole.ch\/de\/wp-json\/wp\/v2\/pages\/22311","targetHints":{"allow":["GET"]}}],"collection":[{"href":"https:\/\/brignole.ch\/de\/wp-json\/wp\/v2\/pages"}],"about":[{"href":"https:\/\/brignole.ch\/de\/wp-json\/wp\/v2\/types\/page"}],"author":[{"embeddable":true,"href":"https:\/\/brignole.ch\/de\/wp-json\/wp\/v2\/users\/2"}],"replies":[{"embeddable":true,"href":"https:\/\/brignole.ch\/de\/wp-json\/wp\/v2\/comments?post=22311"}],"version-history":[{"count":9,"href":"https:\/\/brignole.ch\/de\/wp-json\/wp\/v2\/pages\/22311\/revisions"}],"predecessor-version":[{"id":31355,"href":"https:\/\/brignole.ch\/de\/wp-json\/wp\/v2\/pages\/22311\/revisions\/31355"}],"wp:attachment":[{"href":"https:\/\/brignole.ch\/de\/wp-json\/wp\/v2\/media?parent=22311"}],"curies":[{"name":"wp","href":"https:\/\/api.w.org\/{rel}","templated":true}]}}