{"id":22311,"date":"2018-09-13T17:30:35","date_gmt":"2018-09-13T16:30:35","guid":{"rendered":"https:\/\/yooristart.com\/?page_id=22311"},"modified":"2026-02-02T10:52:04","modified_gmt":"2026-02-02T09:52:04","slug":"gateau","status":"publish","type":"page","link":"https:\/\/brignole.ch\/fr\/gateau\/","title":{"rendered":"Cookies"},"content":{"rendered":"<p id=\"block-rvgXqm25gX\" class=\"wp-block-nectar-blocks-text nectar-blocks-text\"><\/p>\n\n\n\n<div class=\"wp-block-nectar-blocks-row alignfull nectar-block nectar-blocks-row nectar-blocks-row__inner nectar-blocks-row__wrapper parent-block-block-7L4Kj6oH9x\" id=\"block-7L4Kj6oH9x\">\n<div class=\"wp-block-nectar-blocks-column nectar-blocks-column nectar-block\" id=\"block-vsgwagMSjn\"><div class=\"nectar-blocks-column__inner nectar-blocks-column__content-wrap parent-block-block-vsgwagMSjn nectar-blocks-column__wrapper\">\n<p id=\"block-ILJa80BEeX\" class=\"wp-block-nectar-blocks-text nectar-blocks-text nectar-gt-ETbNY8sLRw\">Politique de cookie<\/p>\n<\/div><\/div>\n<\/div>\n\n\n\n<p id=\"block-8AtDGIeVDV\" class=\"wp-block-nectar-blocks-text nectar-blocks-text\">Les cookies consistent en des portions de code install\u00e9es dans le navigateur qui aident le propri\u00e9taire \u00e0 fournir le service conform\u00e9ment aux objectifs d\u00e9crits. Certains objectifs de l&#039;installation de cookies peuvent \u00e9galement n\u00e9cessiter le consentement de l&#039;utilisateur.<\/p>\n\n\n\n<p id=\"block-s70vD1QeRy\" class=\"wp-block-nectar-blocks-text nectar-blocks-text\">Lorsque l&#039;installation de cookies est bas\u00e9e sur un consentement, celui-ci peut \u00eatre librement r\u00e9voqu\u00e9 \u00e0 tout moment en suivant les instructions contenues dans ce document.<\/p>\n\n\n\n<p id=\"block-pS5VU7u7G4\" class=\"wp-block-nectar-blocks-text nectar-blocks-text\">Cookies techniques et statistiques agr\u00e9g\u00e9s<\/p>\n\n\n\n<p id=\"block-qDrlBjDKNX\" class=\"wp-block-nectar-blocks-text nectar-blocks-text\">Activit\u00e9s strictement n\u00e9cessaires au fonctionnementCe site Web utilise des cookies pour sauvegarder la session de l'utilisateur et pour effectuer d'autres activit\u00e9s strictement n\u00e9cessaires au fonctionnement de ce site Web, par exemple en ce qui concerne la distribution du trafic.<\/p>\n\n\n\n<p id=\"block-SoepcOoX2x\" class=\"wp-block-nectar-blocks-text nectar-blocks-text\">Sauvegarde des pr\u00e9f\u00e9rences, optimisation et statistiquesCe site Internet utilise des cookies pour sauvegarder les pr\u00e9f\u00e9rences de navigation et optimiser l'exp\u00e9rience de navigation de l'utilisateur. Il s'agit, par exemple, des cookies de param\u00e9trage de la langue et de la devise ou de gestion des statistiques par le propri\u00e9taire du site.<\/p>\n\n\n\n<p id=\"block-UQlTGQnDhm\" class=\"wp-block-nectar-blocks-text nectar-blocks-text\">Autres types de cookies ou d&#039;outils tiers pouvant \u00eatre install\u00e9s<\/p>\n\n\n\n<p id=\"block-YkHt9KJ14E\" class=\"wp-block-nectar-blocks-text nectar-blocks-text\">Certains des services \u00e9num\u00e9r\u00e9s ci-dessous collectent des statistiques sous forme agr\u00e9g\u00e9e et anonyme et peuvent ne pas n\u00e9cessiter le consentement de l&#039;utilisateur ou peuvent \u00eatre g\u00e9r\u00e9s directement par le contr\u00f4leur de donn\u00e9es - en fonction de la description - sans l&#039;aide de tiers.<\/p>\n\n\n\n<p id=\"block-8LcC8UIOC9\" class=\"wp-block-nectar-blocks-text nectar-blocks-text\">Si parmi les outils indiqu\u00e9s ci-dessous, il y avait des services g\u00e9r\u00e9s par des tiers, ceux-ci pourraient - en plus de ce qui est sp\u00e9cifi\u00e9 et aussi \u00e0 l&#039;insu du propri\u00e9taire - effectuer des activit\u00e9s de suivi de l&#039;utilisateur. Pour des informations d\u00e9taill\u00e9es, il est conseill\u00e9 de consulter la politique de confidentialit\u00e9 des services \u00e9num\u00e9r\u00e9s.<\/p>\n\n\n\n<p id=\"block-9MKpE72SZv\" class=\"wp-block-nectar-blocks-text nectar-blocks-text\">Gestion des contacts et envoi de messagesCes types de services permettent la gestion d'une base de donn\u00e9es de contacts e-mail, de contacts t\u00e9l\u00e9phoniques ou de tout autre type de contact utilis\u00e9 pour communiquer avec l'utilisateur. Ces services peuvent \u00e9galement permettre la collecte de donn\u00e9es relatives \u00e0 la date et \u00e0 l'heure de consultation des messages par l'utilisateur, ainsi qu'\u00e0 l'interaction de l'utilisateur avec ces messages, telles que des informations sur les clics sur les liens contenus dans les messages.<\/p>\n\n\n\n<p id=\"block-ZW9D72lk1J\" class=\"wp-block-nectar-blocks-text nectar-blocks-text\">Mailgun (Mailgun, Inc.)Mailgun est un service de gestion d'adresses et de messagerie \u00e9lectronique fourni par Mailgun, Inc.Donn\u00e9es personnelles collect\u00e9es : Nom de famille, Cookie, Date de naissance, Donn\u00e9es d'utilisation, Email, Adresse, Pays, Pr\u00e9nom, Num\u00e9ro de t\u00e9l\u00e9phone, Profession, Sexe, et divers types de donn\u00e9es.Lieu de traitement : Etats-Unis - Politique de confidentialit\u00e9.<\/p>\n\n\n\n<p id=\"block-6J9ErNv3ug\" class=\"wp-block-nectar-blocks-text nectar-blocks-text\">Gestion des balisesCe type de service est fonctionnel pour la gestion centralis\u00e9e des balises ou des scripts utilis\u00e9s sur ce site Web. L'utilisation de ces services implique le flux des donn\u00e9es de l'utilisateur \u00e0 travers eux et, le cas \u00e9ch\u00e9ant, leur conservation.<\/p>\n\n\n\n<p id=\"block-mBze52owAh\" class=\"wp-block-nectar-blocks-text nectar-blocks-text\">Google Tag Manager (Google LLC)Google Tag Manager est un service de gestion de balises fourni par Google LLC.Donn\u00e9es personnelles collect\u00e9es : Cookies et donn\u00e9es d'utilisation.Lieu de traitement : \u00c9tats-Unis - Politique de confidentialit\u00e9. Adh\u00e9rent au bouclier de protection de la vie priv\u00e9e.<\/p>\n\n\n\n<p id=\"block-r6u3pBiedV\" class=\"wp-block-nectar-blocks-text nectar-blocks-text\">Interaction avec les r\u00e9seaux sociaux et les plateformes externesCe type de service permet d'interagir avec des r\u00e9seaux sociaux ou d'autres plateformes externes directement \u00e0 partir des pages de ce site Web. Les interactions et les informations acquises par ce site Web sont en tout \u00e9tat de cause soumises aux param\u00e8tres de confidentialit\u00e9 de l'utilisateur pour chaque r\u00e9seau social. Si un service d'interaction avec les r\u00e9seaux sociaux est install\u00e9, il est possible que, m\u00eame si les utilisateurs n'utilisent pas le service, il recueille des donn\u00e9es de trafic relatives aux pages sur lesquelles il est install\u00e9.<\/p>\n\n\n\n<p id=\"block-46ttw8IbMo\" class=\"wp-block-nectar-blocks-text nectar-blocks-text\">Bouton social et Widgets LinkedIn (LinkedIn Corporation)Le Bouton social et les Widgets LinkedIn sont des services d'interaction avec le r\u00e9seau social Linkedin, fournis par LinkedIn Corporation.Donn\u00e9es personnelles collect\u00e9es : Cookies et donn\u00e9es d'utilisation.Lieu de traitement : \u00c9tats-Unis - Politique de confidentialit\u00e9. Adh\u00e9rent au bouclier de protection de la vie priv\u00e9e.<\/p>\n\n\n\n<p id=\"block-Grq1f1Unoh\" class=\"wp-block-nectar-blocks-text nectar-blocks-text\">Bouton \u201cJ'aime\u201d et widgets sociaux de Facebook (Facebook, Inc.)Le bouton \"J'aime\" et les widgets sociaux de Facebook sont des services permettant d'interagir avec le r\u00e9seau social Facebook, fournis par Facebook, Inc.Donn\u00e9es personnelles collect\u00e9es : Cookies et donn\u00e9es d'utilisation.Lieu de traitement : \u00c9tats-Unis - Politique de confidentialit\u00e9. Adh\u00e9rent au bouclier de protection de la vie priv\u00e9e.<\/p>\n\n\n\n<p id=\"block-6JMEX8tbZK\" class=\"wp-block-nectar-blocks-text nectar-blocks-text\">Bouton Tweet et Twitter Social Widgets (Twitter, Inc.)Le Bouton Tweet et Twitter Social Widgets sont des services d'interaction avec le r\u00e9seau social Twitter, fournis par Twitter, Inc.Donn\u00e9es personnelles collect\u00e9es : Cookies et donn\u00e9es d'utilisation.Lieu de traitement : \u00c9tats-Unis - Politique de confidentialit\u00e9. Adh\u00e9rent au bouclier de protection de la vie priv\u00e9e.<\/p>\n\n\n\n<p id=\"block-AJKHUxS8ku\" class=\"wp-block-nectar-blocks-text nectar-blocks-text\">Protection contre le SPAMCe type de service analyse le trafic sur ce site Web, contenant potentiellement les donn\u00e9es personnelles des utilisateurs, afin de filtrer le trafic, les messages et le contenu reconnus comme \u00e9tant du SPAM.<\/p>\n\n\n\n<p id=\"block-sdagJHlA5J\" class=\"wp-block-nectar-blocks-text nectar-blocks-text\">Google reCAPTCHA (Google Inc.)Google reCAPTCHA est un service de protection contre le SPAM fourni par Google Inc. L'utilisation du syst\u00e8me reCAPTCHA est soumise aux r\u00e8gles de confidentialit\u00e9 et aux conditions d'utilisation de Google.Donn\u00e9es personnelles collect\u00e9es : Cookie et donn\u00e9es d'utilisation.Lieu de traitement : \u00c9tats-Unis - R\u00e8gles de confidentialit\u00e9. Adh\u00e9rent au bouclier de protection de la vie priv\u00e9e.<\/p>\n\n\n\n<p id=\"block-laFQRYkYoN\" class=\"wp-block-nectar-blocks-text nectar-blocks-text\">Remarketing et ciblage comportementalCe site ne dispose d'aucun syst\u00e8me de ciblage et de remarketing.\u00a0<\/p>\n\n\n\n<p id=\"block-S1jXrpplDi\" class=\"wp-block-nectar-blocks-text nectar-blocks-text\">Statistiques Les services contenus dans cette section permettent au responsable du traitement des donn\u00e9es de surveiller et d'analyser les donn\u00e9es relatives au trafic et servent \u00e0 suivre le comportement de l'utilisateur.<\/p>\n\n\n\n<p id=\"block-VAhD1wTDhX\" class=\"wp-block-nectar-blocks-text nectar-blocks-text\">Google Analytics (Google Inc.)Google Analytics est un service d'analyse du Web fourni par Google Inc. (\u201cGoogle\u201d). Google utilise les Donn\u00e9es Personnelles collect\u00e9es dans le but de suivre et d'examiner l'utilisation de ce Site Web, de compiler des rapports et de les partager avec d'autres services d\u00e9velopp\u00e9s par Google.Google peut utiliser les Donn\u00e9es Personnelles pour contextualiser et personnaliser les annonces dans son r\u00e9seau publicitaire.Donn\u00e9es Personnelles collect\u00e9es : Cookies et Donn\u00e9es d'Utilisation.Lieu de traitement : Etats-Unis - Politique de confidentialit\u00e9 - Opt Out. Adh\u00e9rent au bouclier de protection de la vie priv\u00e9e.<\/p>\n\n\n\n<p id=\"block-iETbYtjPL5\" class=\"wp-block-nectar-blocks-text nectar-blocks-text\">Google Analytics avec IP anonyme (Google Inc.)Google Analytics est un service d'analyse de site internet fourni par Google Inc. (\u201cGoogle\u201d). Google utilise les donn\u00e9es personnelles collect\u00e9es dans le but d'\u00e9valuer votre utilisation de ce site, de compiler des rapports sur l'activit\u00e9 du site pour les op\u00e9rateurs du site et de partager ces rapports avec d'autres services fournis par Google.Google peut utiliser vos donn\u00e9es personnelles pour contextualiser et personnaliser les annonces dans son r\u00e9seau publicitaire.Cette int\u00e9gration de Google Analytics anonymise votre adresse IP. L'anonymisation fonctionne en raccourcissant l'adresse IP des utilisateurs \u00e0 l'int\u00e9rieur des fronti\u00e8res des \u00c9tats membres de l'Union europ\u00e9enne ou d'autres pays qui sont parties \u00e0 l'accord sur l'Espace \u00e9conomique europ\u00e9en. Dans des cas exceptionnels seulement, l'adresse IP sera envoy\u00e9e aux serveurs de Google et abr\u00e9g\u00e9e aux Etats-Unis.Donn\u00e9es personnelles collect\u00e9es : Cookies et donn\u00e9es d'utilisation.Lieu de traitement : Etats-Unis - Politique de confidentialit\u00e9 - Opt Out. Adh\u00e9rent au bouclier de protection de la vie priv\u00e9e.<\/p>\n\n\n\n<p id=\"block-r0A4z0X8yo\" class=\"wp-block-nectar-blocks-text nectar-blocks-text\">Tests de performance du contenu et de la fonctionnalit\u00e9 (tests A\/B) Les services contenus dans cette section permettent au responsable du traitement de suivre et d'analyser la r\u00e9ponse de l'utilisateur, en termes de trafic ou de comportement, aux changements apport\u00e9s \u00e0 la structure, au texte ou \u00e0 tout autre composant de ce site Web.<\/p>\n\n\n\n<p id=\"block-rCccBQYnKd\" class=\"wp-block-nectar-blocks-text nectar-blocks-text\">Google Website Optimizer (Google Inc.)Google Website Optimizer est un service de test A\/B fourni par Google Inc. (\u201cGoogle\u201d).Google peut utiliser les Donn\u00e9es Personnelles pour contextualiser et personnaliser les annonces dans son r\u00e9seau publicitaire.Donn\u00e9es Personnelles collect\u00e9es : Cookies et Donn\u00e9es d'Utilisation.Lieu de traitement : Etats-Unis - Politique de confidentialit\u00e9. Adh\u00e9rent au bouclier de protection de la vie priv\u00e9e.<\/p>\n\n\n\n<p id=\"block-zAT9ru4Z6x\" class=\"wp-block-nectar-blocks-text nectar-blocks-text\">Affichage de contenus provenant de plateformes externesCe type de service permet d'afficher des contenus h\u00e9berg\u00e9s sur des plateformes externes directement \u00e0 partir des pages de ce site Web et d'interagir avec elles. Si un service de ce type est install\u00e9, il est possible que, m\u00eame si les utilisateurs n'utilisent pas le service, celui-ci recueille des donn\u00e9es de trafic relatives aux pages sur lesquelles il est install\u00e9.<\/p>\n\n\n\n<p id=\"block-pDLDJggXNX\" class=\"wp-block-nectar-blocks-text nectar-blocks-text\">Vimeo Video (Vimeo, LLC)Vimeo est un service de visualisation de contenu vid\u00e9o exploit\u00e9 par Vimeo, LLC qui permet \u00e0 ce site Web d'int\u00e9grer ce contenu dans ses pages.Donn\u00e9es personnelles collect\u00e9es : Cookies et donn\u00e9es d'utilisation.Lieu de traitement : \u00c9tats-Unis - Politique de confidentialit\u00e9. Adh\u00e9sion au bouclier de protection de la vie priv\u00e9e.<\/p>\n\n\n\n<p id=\"block-EVLRHXI5v4\" class=\"wp-block-nectar-blocks-text nectar-blocks-text\">YouTube Video Widget (Google Inc.)YouTube est un service d'affichage de contenu vid\u00e9o exploit\u00e9 par Google Inc. qui permet \u00e0 ce site Web d'int\u00e9grer ce contenu dans ses pages.Donn\u00e9es personnelles collect\u00e9es : Cookies et donn\u00e9es d'utilisation.Lieu de traitement : \u00c9tats-Unis - Politique de confidentialit\u00e9. Adh\u00e9sion au bouclier de protection de la vie priv\u00e9e.<\/p>\n\n\n\n<p id=\"block-twg63fPxpO\" class=\"wp-block-nectar-blocks-text nectar-blocks-text\">Comment puis-je exprimer mon consentement \u00e0 l&#039;installation de cookies?<\/p>\n\n\n\n<p id=\"block-VJ6dxTTHHj\" class=\"wp-block-nectar-blocks-text nectar-blocks-text\">Outre ce qui est indiqu\u00e9 dans ce document, l&#039;utilisateur peut g\u00e9rer les pr\u00e9f\u00e9rences relatives aux cookies directement dans son navigateur et emp\u00eacher, par exemple, l&#039;installation de tiers. Dans les pr\u00e9f\u00e9rences du navigateur, il est \u00e9galement possible de supprimer les cookies install\u00e9s dans le pass\u00e9, y compris le cookie dans lequel le consentement \u00e0 l&#039;installation de cookies par ce site est finalement enregistr\u00e9. L&#039;utilisateur peut trouver des informations sur la gestion des cookies avec certains des navigateurs les plus courants, par exemple les adresses suivantes: Google Chrome, Mozilla Firefox, Apple Safari et Microsoft Internet Explorer.<\/p>\n\n\n\n<p id=\"block-NGKtkOgHKy\" class=\"wp-block-nectar-blocks-text nectar-blocks-text\">En ce qui concerne les cookies install\u00e9s par des tiers, l&#039;utilisateur peut \u00e9galement g\u00e9rer ses propres param\u00e8tres et r\u00e9voquer son consentement en visitant le lien relatif de d\u00e9sinscription (le cas \u00e9ch\u00e9ant), en utilisant les outils d\u00e9crits dans la politique de confidentialit\u00e9 du tiers ou en le contactant directement.<\/p>\n\n\n\n<p id=\"block-MSNVMWokmm\" class=\"wp-block-nectar-blocks-text nectar-blocks-text\">Nonobstant ce qui pr\u00e9c\u00e8de, l&#039;utilisateur peut utiliser les informations fournies par EDAA (EU), Network Advertising Initiative (USA) et Digital Advertising Alliance (USA), DAAC (Canada), DDAI (Japon) ou d&#039;autres services similaires. Avec ces services, vous pouvez g\u00e9rer les pr\u00e9f\u00e9rences de suivi de la plupart des outils publicitaires. Le propri\u00e9taire, par cons\u00e9quent, conseille aux utilisateurs d&#039;utiliser ces ressources en plus des informations fournies par ce document.<\/p>\n\n\n\n<p id=\"block-BqaobI9OvY\" class=\"wp-block-nectar-blocks-text nectar-blocks-text\">Contr\u00f4leur de donn\u00e9es<\/p>\n\n\n\n<p id=\"block-Uj31bS4KVD\" class=\"wp-block-nectar-blocks-text nectar-blocks-text\">Brignole, via Monte Carmen 10, 6900 Lugano, Suisse<\/p>\n\n\n\n<p id=\"block-L1m2fXx4ca\" class=\"wp-block-nectar-blocks-text nectar-blocks-text\">\u00c9tant donn\u00e9 que l&#039;installation des cookies et autres syst\u00e8mes de suivi exploit\u00e9s par des tiers au moyen des services utilis\u00e9s sur ce site Web ne peut pas \u00eatre contr\u00f4l\u00e9e techniquement par le propri\u00e9taire, toute r\u00e9f\u00e9rence sp\u00e9cifique aux cookies et aux syst\u00e8mes de suivi install\u00e9s par des tiers il doit \u00eatre consid\u00e9r\u00e9 \u00e0 titre indicatif. Pour obtenir des informations compl\u00e8tes, l&#039;utilisateur est invit\u00e9 \u00e0 consulter la politique de confidentialit\u00e9 des services tiers mentionn\u00e9s dans ce document.<\/p>\n\n\n\n<p id=\"block-v5UhI4LuEq\" class=\"wp-block-nectar-blocks-text nectar-blocks-text\">Compte tenu de la complexit\u00e9 objective de l&#039;identification des technologies bas\u00e9es sur les cookies, l&#039;utilisateur est invit\u00e9 \u00e0 contacter le responsable du traitement des donn\u00e9es s&#039;il souhaite recevoir des informations compl\u00e9mentaires concernant l&#039;utilisation des cookies eux-m\u00eames via ce site Web.<\/p>\n\n\n\n<p id=\"block-fGUezZy8mQ\" class=\"wp-block-nectar-blocks-text nectar-blocks-text\">R\u00e9f\u00e9rences l\u00e9gales<\/p>\n\n\n\n<p id=\"block-QsUlF2pxwY\" class=\"wp-block-nectar-blocks-text nectar-blocks-text\">Cette politique de confidentialit\u00e9 est r\u00e9dig\u00e9e sur la base de multiples ordres l\u00e9gislatifs, y compris les articles 13 et 14 du r\u00e8glement (UE) 2016\/679.Sauf indication contraire, cette politique de confidentialit\u00e9 s'applique exclusivement \u00e0 ce site Web.<\/p>\n\n\n\n<p id=\"block-Xfz7euFSQ7\" class=\"wp-block-nectar-blocks-text nectar-blocks-text\">Derni\u00e8re mise \u00e0 jour : 18 novembre 2020<\/p>\n\n\n\n<p id=\"block-Oop9AHoS0d\" class=\"wp-block-nectar-blocks-text nectar-blocks-text\">Impressum<\/p>\n\n\n\n<p id=\"block-DqvdD2nKvl\" class=\"wp-block-nectar-blocks-text nectar-blocks-text\">BRIGNOLEvia Monte Carmen 10, 6900 Lugano - Suisse<\/p>","protected":false},"excerpt":{"rendered":"","protected":false},"author":2,"featured_media":0,"parent":0,"menu_order":4,"comment_status":"closed","ping_status":"closed","template":"","meta":{"_nectar_blocks_hide_post_title":false,"_nectar_blocks_transparent_header_effect":false,"_nectar_blocks_transparent_header_effect_color":"light","_nectar_blocks_header_animation":false,"_nectar_blocks_header_animation_delay":0,"_nectar_blocks_header_animation_effect":"fade","_nectar_blocks_page_css":"","_nectar_blocks_page_js":"","footnotes":""},"class_list":["post-22311","page","type-page","status-publish"],"_links":{"self":[{"href":"https:\/\/brignole.ch\/fr\/wp-json\/wp\/v2\/pages\/22311","targetHints":{"allow":["GET"]}}],"collection":[{"href":"https:\/\/brignole.ch\/fr\/wp-json\/wp\/v2\/pages"}],"about":[{"href":"https:\/\/brignole.ch\/fr\/wp-json\/wp\/v2\/types\/page"}],"author":[{"embeddable":true,"href":"https:\/\/brignole.ch\/fr\/wp-json\/wp\/v2\/users\/2"}],"replies":[{"embeddable":true,"href":"https:\/\/brignole.ch\/fr\/wp-json\/wp\/v2\/comments?post=22311"}],"version-history":[{"count":9,"href":"https:\/\/brignole.ch\/fr\/wp-json\/wp\/v2\/pages\/22311\/revisions"}],"predecessor-version":[{"id":31355,"href":"https:\/\/brignole.ch\/fr\/wp-json\/wp\/v2\/pages\/22311\/revisions\/31355"}],"wp:attachment":[{"href":"https:\/\/brignole.ch\/fr\/wp-json\/wp\/v2\/media?parent=22311"}],"curies":[{"name":"wp","href":"https:\/\/api.w.org\/{rel}","templated":true}]}}